{"id":1555,"date":"2026-02-12T16:05:21","date_gmt":"2026-02-12T16:05:21","guid":{"rendered":"https:\/\/www.monaandco.ch\/?post_type=product&#038;p=1555"},"modified":"2026-03-02T15:54:01","modified_gmt":"2026-03-02T15:54:01","slug":"reine-form","status":"publish","type":"product","link":"https:\/\/www.dev-monaandco.sesamnet.net\/de\/produkt\/reine-form\/","title":{"rendered":"Reine Form"},"content":{"rendered":"<p>Exquisit handgekn\u00fcpfte Teppiche in zeitlosen Unifarben, die mit au\u00dfergew\u00f6hnlichem Geschick gefertigt werden.<\/p>\n<ul>\n<li>Material: Neuseel\u00e4ndische Wolle<\/li>\n<li>Weben: Indo Nepali Handgekn\u00fcpft<\/li>\n<li>Qualit\u00e4t: 100 Knoten pro Quadratzoll<\/li>\n<li>Florh\u00f6he: 8MM<\/li>\n<\/ul>","protected":false},"excerpt":{"rendered":"<p>Die Lieferung von Mustern dauert 2-3 Wochen.<br \/>\nHerstellungs- und Lieferzeiten: Handgekn\u00fcpfte Teppiche 10-15 Wochen. Handgewebte Teppiche 6-8 Wochen. Getuftete und flachgewebte Teppiche 4-5 Wochen.<br \/>\nWenn Sie eine individuelle Gr\u00f6\u00dfe oder Farbe w\u00fcnschen, verwenden Sie bitte das Anfrageformular. F\u00fcr diesen Service fallen keine zus\u00e4tzlichen Kosten an.<br \/>\nAlle Teppiche werden nur auf Bestellung gefertigt. Die Natur der Handarbeit ist, dass es einen Unterschied in der Farbe, Gr\u00f6\u00dfe oder Textur Variation auf das Web und die Bestellung platziert werden kann. Wir machen alle Anstrengungen, um sicherzustellen, dass die Unterschiede minimal sind.<\/p>","protected":false},"featured_media":2261,"comment_status":"open","ping_status":"closed","template":"","meta":{"_acf_changed":false},"product_brand":[],"product_cat":[58,54,48],"product_tag":[],"class_list":{"0":"post-1555","1":"product","2":"type-product","3":"status-publish","4":"has-post-thumbnail","6":"product_cat-hand-knotted","7":"product_cat-new-zealand-wool","8":"product_cat-wool-rugs","10":"first","11":"instock","12":"taxable","13":"shipping-taxable","14":"purchasable","15":"product-type-variable","16":"has-default-attributes"},"acf":[],"yoast_head":"<!-- This site is optimized with the Yoast SEO plugin v27.5 - https:\/\/yoast.com\/product\/yoast-seo-wordpress\/ -->\n<title>Pure Form - MONA &amp; Co.<\/title>\n<meta name=\"description\" content=\"Exquisitely hand-knotted rugs in timeless solid colors, crafted with exceptional skill. Material: New Zealand Wool, Weave: Indo Nepali Hand Knotted, Quality: 100 Knots Per Square Inch, Pile Height: 8MM\" \/>\n<meta name=\"robots\" content=\"noindex, follow, max-snippet:-1, max-image-preview:large, max-video-preview:-1\" \/>\n<meta property=\"og:locale\" content=\"de_DE\" \/>\n<meta property=\"og:type\" content=\"article\" \/>\n<meta property=\"og:title\" content=\"Pure Form - MONA &amp; Co.\" \/>\n<meta property=\"og:description\" content=\"Exquisitely hand-knotted rugs in timeless solid colors, crafted with exceptional skill. Material: New Zealand Wool, Weave: Indo Nepali Hand Knotted, Quality: 100 Knots Per Square Inch, Pile Height: 8MM\" \/>\n<meta property=\"og:url\" content=\"https:\/\/www.dev-monaandco.sesamnet.net\/de\/produkt\/reine-form\/\" \/>\n<meta property=\"og:site_name\" content=\"MONA &amp; Co.\" \/>\n<meta property=\"article:modified_time\" content=\"2026-03-02T15:54:01+00:00\" \/>\n<meta property=\"og:image\" content=\"https:\/\/www.dev-monaandco.sesamnet.net\/wp-content\/uploads\/2026\/02\/Main-Wool-Deep-Ruby.webp\" \/>\n\t<meta property=\"og:image:width\" content=\"2000\" \/>\n\t<meta property=\"og:image:height\" content=\"2000\" \/>\n\t<meta property=\"og:image:type\" content=\"image\/webp\" \/>\n<meta name=\"twitter:card\" content=\"summary_large_image\" \/>\n<meta name=\"twitter:label1\" content=\"Gesch\u00e4tzte Lesezeit\" \/>\n\t<meta name=\"twitter:data1\" content=\"1\u00a0Minute\" \/>\n<script type=\"application\/ld+json\" class=\"yoast-schema-graph\">{\"@context\":\"https:\\\/\\\/schema.org\",\"@graph\":[{\"@type\":\"WebPage\",\"@id\":\"https:\\\/\\\/www.dev-monaandco.sesamnet.net\\\/product\\\/pure-form\\\/\",\"url\":\"https:\\\/\\\/www.dev-monaandco.sesamnet.net\\\/product\\\/pure-form\\\/\",\"name\":\"Pure Form - MONA &amp; Co.\",\"isPartOf\":{\"@id\":\"https:\\\/\\\/www.dev-monaandco.sesamnet.net\\\/#website\"},\"primaryImageOfPage\":{\"@id\":\"https:\\\/\\\/www.dev-monaandco.sesamnet.net\\\/product\\\/pure-form\\\/#primaryimage\"},\"image\":{\"@id\":\"https:\\\/\\\/www.dev-monaandco.sesamnet.net\\\/product\\\/pure-form\\\/#primaryimage\"},\"thumbnailUrl\":\"https:\\\/\\\/www.dev-monaandco.sesamnet.net\\\/wp-content\\\/uploads\\\/2026\\\/02\\\/Main-Wool-Deep-Ruby.webp\",\"datePublished\":\"2026-02-12T16:05:21+00:00\",\"dateModified\":\"2026-03-02T15:54:01+00:00\",\"description\":\"Exquisitely hand-knotted rugs in timeless solid colors, crafted with exceptional skill. Material: New Zealand Wool, Weave: Indo Nepali Hand Knotted, Quality: 100 Knots Per Square Inch, Pile Height: 8MM\",\"breadcrumb\":{\"@id\":\"https:\\\/\\\/www.dev-monaandco.sesamnet.net\\\/product\\\/pure-form\\\/#breadcrumb\"},\"inLanguage\":\"de-CH\",\"potentialAction\":[{\"@type\":\"ReadAction\",\"target\":[\"https:\\\/\\\/www.dev-monaandco.sesamnet.net\\\/product\\\/pure-form\\\/\"]}]},{\"@type\":\"ImageObject\",\"inLanguage\":\"de-CH\",\"@id\":\"https:\\\/\\\/www.dev-monaandco.sesamnet.net\\\/product\\\/pure-form\\\/#primaryimage\",\"url\":\"https:\\\/\\\/www.dev-monaandco.sesamnet.net\\\/wp-content\\\/uploads\\\/2026\\\/02\\\/Main-Wool-Deep-Ruby.webp\",\"contentUrl\":\"https:\\\/\\\/www.dev-monaandco.sesamnet.net\\\/wp-content\\\/uploads\\\/2026\\\/02\\\/Main-Wool-Deep-Ruby.webp\",\"width\":2000,\"height\":2000,\"caption\":\"Wool Deep Ruby Rug\"},{\"@type\":\"BreadcrumbList\",\"@id\":\"https:\\\/\\\/www.dev-monaandco.sesamnet.net\\\/product\\\/pure-form\\\/#breadcrumb\",\"itemListElement\":[{\"@type\":\"ListItem\",\"position\":1,\"name\":\"Home\",\"item\":\"https:\\\/\\\/www.dev-monaandco.sesamnet.net\\\/\"},{\"@type\":\"ListItem\",\"position\":2,\"name\":\"Products\",\"item\":\"https:\\\/\\\/www.dev-monaandco.sesamnet.net\\\/yellowdotcollection\\\/8-revision-v1\\\/\"},{\"@type\":\"ListItem\",\"position\":3,\"name\":\"Pure Form\"}]},{\"@type\":\"WebSite\",\"@id\":\"https:\\\/\\\/www.dev-monaandco.sesamnet.net\\\/#website\",\"url\":\"https:\\\/\\\/www.dev-monaandco.sesamnet.net\\\/\",\"name\":\"MONA &amp; Co.\",\"description\":\"\",\"publisher\":{\"@id\":\"https:\\\/\\\/www.dev-monaandco.sesamnet.net\\\/#organization\"},\"potentialAction\":[{\"@type\":\"SearchAction\",\"target\":{\"@type\":\"EntryPoint\",\"urlTemplate\":\"https:\\\/\\\/www.dev-monaandco.sesamnet.net\\\/?s={search_term_string}\"},\"query-input\":{\"@type\":\"PropertyValueSpecification\",\"valueRequired\":true,\"valueName\":\"search_term_string\"}}],\"inLanguage\":\"de-CH\"},{\"@type\":\"Organization\",\"@id\":\"https:\\\/\\\/www.dev-monaandco.sesamnet.net\\\/#organization\",\"name\":\"MONA &amp; Co.\",\"url\":\"https:\\\/\\\/www.dev-monaandco.sesamnet.net\\\/\",\"logo\":{\"@type\":\"ImageObject\",\"inLanguage\":\"de-CH\",\"@id\":\"https:\\\/\\\/www.dev-monaandco.sesamnet.net\\\/#\\\/schema\\\/logo\\\/image\\\/\",\"url\":\"https:\\\/\\\/www.dev-monaandco.sesamnet.net\\\/wp-content\\\/uploads\\\/2026\\\/01\\\/MONA-CO.-Zurich-black-1.png\",\"contentUrl\":\"https:\\\/\\\/www.dev-monaandco.sesamnet.net\\\/wp-content\\\/uploads\\\/2026\\\/01\\\/MONA-CO.-Zurich-black-1.png\",\"width\":1032,\"height\":272,\"caption\":\"MONA &amp; Co.\"},\"image\":{\"@id\":\"https:\\\/\\\/www.dev-monaandco.sesamnet.net\\\/#\\\/schema\\\/logo\\\/image\\\/\"}}]}<\/script>\n<!-- \/ Yoast SEO plugin. -->","yoast_head_json":{"title":"Reine Form - MONA &amp; Co.","description":"Exquisit handgekn\u00fcpfte Teppiche in zeitlosen Unifarben, die mit au\u00dfergew\u00f6hnlicher Kunstfertigkeit hergestellt werden. Material: Neuseel\u00e4ndische Wolle, Webart: Indo Nepali Handgekn\u00fcpft, Qualit\u00e4t: 100 Knoten pro Quadratzoll, Florh\u00f6he: 8MM","robots":{"index":"noindex","follow":"follow","max-snippet":"max-snippet:-1","max-image-preview":"max-image-preview:large","max-video-preview":"max-video-preview:-1"},"og_locale":"de_DE","og_type":"article","og_title":"Pure Form - MONA &amp; Co.","og_description":"Exquisitely hand-knotted rugs in timeless solid colors, crafted with exceptional skill. Material: New Zealand Wool, Weave: Indo Nepali Hand Knotted, Quality: 100 Knots Per Square Inch, Pile Height: 8MM","og_url":"https:\/\/www.dev-monaandco.sesamnet.net\/de\/produkt\/reine-form\/","og_site_name":"MONA &amp; Co.","article_modified_time":"2026-03-02T15:54:01+00:00","og_image":[{"width":2000,"height":2000,"url":"https:\/\/www.dev-monaandco.sesamnet.net\/wp-content\/uploads\/2026\/02\/Main-Wool-Deep-Ruby.webp","type":"image\/webp"}],"twitter_card":"summary_large_image","twitter_misc":{"Gesch\u00e4tzte Lesezeit":"1\u00a0Minute"},"schema":{"@context":"https:\/\/schema.org","@graph":[{"@type":"WebPage","@id":"https:\/\/www.dev-monaandco.sesamnet.net\/product\/pure-form\/","url":"https:\/\/www.dev-monaandco.sesamnet.net\/product\/pure-form\/","name":"Reine Form - MONA &amp; Co.","isPartOf":{"@id":"https:\/\/www.dev-monaandco.sesamnet.net\/#website"},"primaryImageOfPage":{"@id":"https:\/\/www.dev-monaandco.sesamnet.net\/product\/pure-form\/#primaryimage"},"image":{"@id":"https:\/\/www.dev-monaandco.sesamnet.net\/product\/pure-form\/#primaryimage"},"thumbnailUrl":"https:\/\/www.dev-monaandco.sesamnet.net\/wp-content\/uploads\/2026\/02\/Main-Wool-Deep-Ruby.webp","datePublished":"2026-02-12T16:05:21+00:00","dateModified":"2026-03-02T15:54:01+00:00","description":"Exquisit handgekn\u00fcpfte Teppiche in zeitlosen Unifarben, die mit au\u00dfergew\u00f6hnlicher Kunstfertigkeit hergestellt werden. Material: Neuseel\u00e4ndische Wolle, Webart: Indo Nepali Handgekn\u00fcpft, Qualit\u00e4t: 100 Knoten pro Quadratzoll, Florh\u00f6he: 8MM","breadcrumb":{"@id":"https:\/\/www.dev-monaandco.sesamnet.net\/product\/pure-form\/#breadcrumb"},"inLanguage":"de-CH","potentialAction":[{"@type":"ReadAction","target":["https:\/\/www.dev-monaandco.sesamnet.net\/product\/pure-form\/"]}]},{"@type":"ImageObject","inLanguage":"de-CH","@id":"https:\/\/www.dev-monaandco.sesamnet.net\/product\/pure-form\/#primaryimage","url":"https:\/\/www.dev-monaandco.sesamnet.net\/wp-content\/uploads\/2026\/02\/Main-Wool-Deep-Ruby.webp","contentUrl":"https:\/\/www.dev-monaandco.sesamnet.net\/wp-content\/uploads\/2026\/02\/Main-Wool-Deep-Ruby.webp","width":2000,"height":2000,"caption":"Wool Deep Ruby Rug"},{"@type":"BreadcrumbList","@id":"https:\/\/www.dev-monaandco.sesamnet.net\/product\/pure-form\/#breadcrumb","itemListElement":[{"@type":"ListItem","position":1,"name":"Home","item":"https:\/\/www.dev-monaandco.sesamnet.net\/"},{"@type":"ListItem","position":2,"name":"Products","item":"https:\/\/www.dev-monaandco.sesamnet.net\/yellowdotcollection\/8-revision-v1\/"},{"@type":"ListItem","position":3,"name":"Pure Form"}]},{"@type":"WebSite","@id":"https:\/\/www.dev-monaandco.sesamnet.net\/#website","url":"https:\/\/www.dev-monaandco.sesamnet.net\/","name":"MONA &amp; Co.","description":"","publisher":{"@id":"https:\/\/www.dev-monaandco.sesamnet.net\/#organization"},"potentialAction":[{"@type":"SearchAction","target":{"@type":"EntryPoint","urlTemplate":"https:\/\/www.dev-monaandco.sesamnet.net\/?s={search_term_string}"},"query-input":{"@type":"PropertyValueSpecification","valueRequired":true,"valueName":"search_term_string"}}],"inLanguage":"de-CH"},{"@type":"Organization","@id":"https:\/\/www.dev-monaandco.sesamnet.net\/#organization","name":"MONA &amp; Co.","url":"https:\/\/www.dev-monaandco.sesamnet.net\/","logo":{"@type":"ImageObject","inLanguage":"de-CH","@id":"https:\/\/www.dev-monaandco.sesamnet.net\/#\/schema\/logo\/image\/","url":"https:\/\/www.dev-monaandco.sesamnet.net\/wp-content\/uploads\/2026\/01\/MONA-CO.-Zurich-black-1.png","contentUrl":"https:\/\/www.dev-monaandco.sesamnet.net\/wp-content\/uploads\/2026\/01\/MONA-CO.-Zurich-black-1.png","width":1032,"height":272,"caption":"MONA &amp; Co."},"image":{"@id":"https:\/\/www.dev-monaandco.sesamnet.net\/#\/schema\/logo\/image\/"}}]}},"_links":{"self":[{"href":"https:\/\/www.dev-monaandco.sesamnet.net\/de\/wp-json\/wp\/v2\/product\/1555","targetHints":{"allow":["GET"]}}],"collection":[{"href":"https:\/\/www.dev-monaandco.sesamnet.net\/de\/wp-json\/wp\/v2\/product"}],"about":[{"href":"https:\/\/www.dev-monaandco.sesamnet.net\/de\/wp-json\/wp\/v2\/types\/product"}],"replies":[{"embeddable":true,"href":"https:\/\/www.dev-monaandco.sesamnet.net\/de\/wp-json\/wp\/v2\/comments?post=1555"}],"wp:featuredmedia":[{"embeddable":true,"href":"https:\/\/www.dev-monaandco.sesamnet.net\/de\/wp-json\/wp\/v2\/media\/2261"}],"wp:attachment":[{"href":"https:\/\/www.dev-monaandco.sesamnet.net\/de\/wp-json\/wp\/v2\/media?parent=1555"}],"wp:term":[{"taxonomy":"product_brand","embeddable":true,"href":"https:\/\/www.dev-monaandco.sesamnet.net\/de\/wp-json\/wp\/v2\/product_brand?post=1555"},{"taxonomy":"product_cat","embeddable":true,"href":"https:\/\/www.dev-monaandco.sesamnet.net\/de\/wp-json\/wp\/v2\/product_cat?post=1555"},{"taxonomy":"product_tag","embeddable":true,"href":"https:\/\/www.dev-monaandco.sesamnet.net\/de\/wp-json\/wp\/v2\/product_tag?post=1555"}],"curies":[{"name":"wp","href":"https:\/\/api.w.org\/{rel}","templated":true}]}}