{"id":2333,"date":"2026-02-24T19:28:20","date_gmt":"2026-02-24T19:28:20","guid":{"rendered":"https:\/\/www.monaandco.ch\/?post_type=product&#038;p=2333"},"modified":"2026-03-02T15:23:15","modified_gmt":"2026-03-02T15:23:15","slug":"the-brocade","status":"publish","type":"product","link":"https:\/\/www.dev-monaandco.sesamnet.net\/de\/produkt\/the-brocade\/","title":{"rendered":"The Brocade"},"content":{"rendered":"<p>A stunning expression of master craft, this rug draws inspiration from the opulence of classic brocades. Intricately hand woven with refined detail and depth, it brings a sense of richness, texture, and timeless elegance.<\/p>\n<ul>\n<li>Material: 100% Naturseide<\/li>\n<li>Weben: Indo Nepali Handgekn\u00fcpft<\/li>\n<li>Pile Height 8MM<\/li>\n<li>Knoten: 125 Knoten pro Quadratzoll<\/li>\n<\/ul>","protected":false},"excerpt":{"rendered":"<p>Die Lieferung von Mustern dauert 2-3 Wochen.<br \/>\nHerstellungs- und Lieferzeiten: Handgekn\u00fcpfte Teppiche 10-15 Wochen. Handgewebte Teppiche 6-8 Wochen. Getuftete und flachgewebte Teppiche 4-5 Wochen.<br \/>\nWenn Sie eine individuelle Gr\u00f6\u00dfe oder Farbe w\u00fcnschen, verwenden Sie bitte das Anfrageformular. F\u00fcr diesen Service fallen keine zus\u00e4tzlichen Kosten an.<br \/>\nAll rugs are made only on order. The nature of handmade is that there may be a difference in colour, size or texture variation to the web and order placed. We make every effort to ensure the differences are minimal.<\/p>","protected":false},"featured_media":2334,"comment_status":"open","ping_status":"closed","template":"","meta":{"_acf_changed":false},"product_brand":[],"product_cat":[60,62,51],"product_tag":[],"class_list":{"0":"post-2333","1":"product","2":"type-product","3":"status-publish","4":"has-post-thumbnail","6":"product_cat-indo-nepali-hand-knotted","7":"product_cat-pure-indian-silk","8":"product_cat-patterned-rugs","10":"first","11":"instock","12":"taxable","13":"shipping-taxable","14":"purchasable","15":"product-type-variable","16":"has-default-attributes"},"acf":[],"yoast_head":"<!-- This site is optimized with the Yoast SEO plugin v27.5 - https:\/\/yoast.com\/product\/yoast-seo-wordpress\/ -->\n<title>The Brocade - MONA &amp; Co.<\/title>\n<meta name=\"robots\" content=\"noindex, follow, max-snippet:-1, max-image-preview:large, max-video-preview:-1\" \/>\n<meta property=\"og:locale\" content=\"de_DE\" \/>\n<meta property=\"og:type\" content=\"article\" \/>\n<meta property=\"og:title\" content=\"The Brocade - MONA &amp; Co.\" \/>\n<meta property=\"og:description\" content=\"Samples take 2-3 weeks to deliver Making and Delivery time: Hand Knotted rugs 10-15 weeks. Handloom rugs 6-8 weeks. Tufted and Flatweave rugs 4-5 weeks. For a custom size or colour please use the enquiry form. There is no additional charge for this service. All rugs are made only on order. The nature of handmade is that there may be a difference in colour, size or texture variation to the web and order placed. We make every effort to ensure the differences are minimal.\" \/>\n<meta property=\"og:url\" content=\"https:\/\/www.dev-monaandco.sesamnet.net\/de\/produkt\/the-brocade\/\" \/>\n<meta property=\"og:site_name\" content=\"MONA &amp; Co.\" \/>\n<meta property=\"article:modified_time\" content=\"2026-03-02T15:23:15+00:00\" \/>\n<meta property=\"og:image\" content=\"https:\/\/www.dev-monaandco.sesamnet.net\/wp-content\/uploads\/2026\/02\/The-Brocade.jpg\" \/>\n\t<meta property=\"og:image:width\" content=\"977\" \/>\n\t<meta property=\"og:image:height\" content=\"1192\" \/>\n\t<meta property=\"og:image:type\" content=\"image\/jpeg\" \/>\n<meta name=\"twitter:card\" content=\"summary_large_image\" \/>\n<meta name=\"twitter:label1\" content=\"Gesch\u00e4tzte Lesezeit\" \/>\n\t<meta name=\"twitter:data1\" content=\"1\u00a0Minute\" \/>\n<script type=\"application\/ld+json\" class=\"yoast-schema-graph\">{\"@context\":\"https:\\\/\\\/schema.org\",\"@graph\":[{\"@type\":\"WebPage\",\"@id\":\"https:\\\/\\\/www.dev-monaandco.sesamnet.net\\\/product\\\/the-brocade\\\/\",\"url\":\"https:\\\/\\\/www.dev-monaandco.sesamnet.net\\\/product\\\/the-brocade\\\/\",\"name\":\"The Brocade - MONA &amp; Co.\",\"isPartOf\":{\"@id\":\"https:\\\/\\\/www.dev-monaandco.sesamnet.net\\\/#website\"},\"primaryImageOfPage\":{\"@id\":\"https:\\\/\\\/www.dev-monaandco.sesamnet.net\\\/product\\\/the-brocade\\\/#primaryimage\"},\"image\":{\"@id\":\"https:\\\/\\\/www.dev-monaandco.sesamnet.net\\\/product\\\/the-brocade\\\/#primaryimage\"},\"thumbnailUrl\":\"https:\\\/\\\/www.dev-monaandco.sesamnet.net\\\/wp-content\\\/uploads\\\/2026\\\/02\\\/The-Brocade.jpg\",\"datePublished\":\"2026-02-24T19:28:20+00:00\",\"dateModified\":\"2026-03-02T15:23:15+00:00\",\"breadcrumb\":{\"@id\":\"https:\\\/\\\/www.dev-monaandco.sesamnet.net\\\/product\\\/the-brocade\\\/#breadcrumb\"},\"inLanguage\":\"de-CH\",\"potentialAction\":[{\"@type\":\"ReadAction\",\"target\":[\"https:\\\/\\\/www.dev-monaandco.sesamnet.net\\\/product\\\/the-brocade\\\/\"]}]},{\"@type\":\"ImageObject\",\"inLanguage\":\"de-CH\",\"@id\":\"https:\\\/\\\/www.dev-monaandco.sesamnet.net\\\/product\\\/the-brocade\\\/#primaryimage\",\"url\":\"https:\\\/\\\/www.dev-monaandco.sesamnet.net\\\/wp-content\\\/uploads\\\/2026\\\/02\\\/The-Brocade.jpg\",\"contentUrl\":\"https:\\\/\\\/www.dev-monaandco.sesamnet.net\\\/wp-content\\\/uploads\\\/2026\\\/02\\\/The-Brocade.jpg\",\"width\":977,\"height\":1192,\"caption\":\"The Brocade Rug\"},{\"@type\":\"BreadcrumbList\",\"@id\":\"https:\\\/\\\/www.dev-monaandco.sesamnet.net\\\/product\\\/the-brocade\\\/#breadcrumb\",\"itemListElement\":[{\"@type\":\"ListItem\",\"position\":1,\"name\":\"Home\",\"item\":\"https:\\\/\\\/www.dev-monaandco.sesamnet.net\\\/\"},{\"@type\":\"ListItem\",\"position\":2,\"name\":\"Products\",\"item\":\"https:\\\/\\\/www.dev-monaandco.sesamnet.net\\\/yellowdotcollection\\\/8-revision-v1\\\/\"},{\"@type\":\"ListItem\",\"position\":3,\"name\":\"The Brocade\"}]},{\"@type\":\"WebSite\",\"@id\":\"https:\\\/\\\/www.dev-monaandco.sesamnet.net\\\/#website\",\"url\":\"https:\\\/\\\/www.dev-monaandco.sesamnet.net\\\/\",\"name\":\"MONA &amp; Co.\",\"description\":\"\",\"publisher\":{\"@id\":\"https:\\\/\\\/www.dev-monaandco.sesamnet.net\\\/#organization\"},\"potentialAction\":[{\"@type\":\"SearchAction\",\"target\":{\"@type\":\"EntryPoint\",\"urlTemplate\":\"https:\\\/\\\/www.dev-monaandco.sesamnet.net\\\/?s={search_term_string}\"},\"query-input\":{\"@type\":\"PropertyValueSpecification\",\"valueRequired\":true,\"valueName\":\"search_term_string\"}}],\"inLanguage\":\"de-CH\"},{\"@type\":\"Organization\",\"@id\":\"https:\\\/\\\/www.dev-monaandco.sesamnet.net\\\/#organization\",\"name\":\"MONA &amp; Co.\",\"url\":\"https:\\\/\\\/www.dev-monaandco.sesamnet.net\\\/\",\"logo\":{\"@type\":\"ImageObject\",\"inLanguage\":\"de-CH\",\"@id\":\"https:\\\/\\\/www.dev-monaandco.sesamnet.net\\\/#\\\/schema\\\/logo\\\/image\\\/\",\"url\":\"https:\\\/\\\/www.dev-monaandco.sesamnet.net\\\/wp-content\\\/uploads\\\/2026\\\/01\\\/MONA-CO.-Zurich-black-1.png\",\"contentUrl\":\"https:\\\/\\\/www.dev-monaandco.sesamnet.net\\\/wp-content\\\/uploads\\\/2026\\\/01\\\/MONA-CO.-Zurich-black-1.png\",\"width\":1032,\"height\":272,\"caption\":\"MONA &amp; Co.\"},\"image\":{\"@id\":\"https:\\\/\\\/www.dev-monaandco.sesamnet.net\\\/#\\\/schema\\\/logo\\\/image\\\/\"}}]}<\/script>\n<!-- \/ Yoast SEO plugin. -->","yoast_head_json":{"title":"The Brocade - MONA &amp; Co.","robots":{"index":"noindex","follow":"follow","max-snippet":"max-snippet:-1","max-image-preview":"max-image-preview:large","max-video-preview":"max-video-preview:-1"},"og_locale":"de_DE","og_type":"article","og_title":"The Brocade - MONA &amp; Co.","og_description":"Samples take 2-3 weeks to deliver Making and Delivery time: Hand Knotted rugs 10-15 weeks. Handloom rugs 6-8 weeks. Tufted and Flatweave rugs 4-5 weeks. For a custom size or colour please use the enquiry form. There is no additional charge for this service. All rugs are made only on order. The nature of handmade is that there may be a difference in colour, size or texture variation to the web and order placed. We make every effort to ensure the differences are minimal.","og_url":"https:\/\/www.dev-monaandco.sesamnet.net\/de\/produkt\/the-brocade\/","og_site_name":"MONA &amp; Co.","article_modified_time":"2026-03-02T15:23:15+00:00","og_image":[{"width":977,"height":1192,"url":"https:\/\/www.dev-monaandco.sesamnet.net\/wp-content\/uploads\/2026\/02\/The-Brocade.jpg","type":"image\/jpeg"}],"twitter_card":"summary_large_image","twitter_misc":{"Gesch\u00e4tzte Lesezeit":"1\u00a0Minute"},"schema":{"@context":"https:\/\/schema.org","@graph":[{"@type":"WebPage","@id":"https:\/\/www.dev-monaandco.sesamnet.net\/product\/the-brocade\/","url":"https:\/\/www.dev-monaandco.sesamnet.net\/product\/the-brocade\/","name":"The Brocade - MONA &amp; Co.","isPartOf":{"@id":"https:\/\/www.dev-monaandco.sesamnet.net\/#website"},"primaryImageOfPage":{"@id":"https:\/\/www.dev-monaandco.sesamnet.net\/product\/the-brocade\/#primaryimage"},"image":{"@id":"https:\/\/www.dev-monaandco.sesamnet.net\/product\/the-brocade\/#primaryimage"},"thumbnailUrl":"https:\/\/www.dev-monaandco.sesamnet.net\/wp-content\/uploads\/2026\/02\/The-Brocade.jpg","datePublished":"2026-02-24T19:28:20+00:00","dateModified":"2026-03-02T15:23:15+00:00","breadcrumb":{"@id":"https:\/\/www.dev-monaandco.sesamnet.net\/product\/the-brocade\/#breadcrumb"},"inLanguage":"de-CH","potentialAction":[{"@type":"ReadAction","target":["https:\/\/www.dev-monaandco.sesamnet.net\/product\/the-brocade\/"]}]},{"@type":"ImageObject","inLanguage":"de-CH","@id":"https:\/\/www.dev-monaandco.sesamnet.net\/product\/the-brocade\/#primaryimage","url":"https:\/\/www.dev-monaandco.sesamnet.net\/wp-content\/uploads\/2026\/02\/The-Brocade.jpg","contentUrl":"https:\/\/www.dev-monaandco.sesamnet.net\/wp-content\/uploads\/2026\/02\/The-Brocade.jpg","width":977,"height":1192,"caption":"The Brocade Rug"},{"@type":"BreadcrumbList","@id":"https:\/\/www.dev-monaandco.sesamnet.net\/product\/the-brocade\/#breadcrumb","itemListElement":[{"@type":"ListItem","position":1,"name":"Home","item":"https:\/\/www.dev-monaandco.sesamnet.net\/"},{"@type":"ListItem","position":2,"name":"Products","item":"https:\/\/www.dev-monaandco.sesamnet.net\/yellowdotcollection\/8-revision-v1\/"},{"@type":"ListItem","position":3,"name":"The Brocade"}]},{"@type":"WebSite","@id":"https:\/\/www.dev-monaandco.sesamnet.net\/#website","url":"https:\/\/www.dev-monaandco.sesamnet.net\/","name":"MONA &amp; Co.","description":"","publisher":{"@id":"https:\/\/www.dev-monaandco.sesamnet.net\/#organization"},"potentialAction":[{"@type":"SearchAction","target":{"@type":"EntryPoint","urlTemplate":"https:\/\/www.dev-monaandco.sesamnet.net\/?s={search_term_string}"},"query-input":{"@type":"PropertyValueSpecification","valueRequired":true,"valueName":"search_term_string"}}],"inLanguage":"de-CH"},{"@type":"Organization","@id":"https:\/\/www.dev-monaandco.sesamnet.net\/#organization","name":"MONA &amp; Co.","url":"https:\/\/www.dev-monaandco.sesamnet.net\/","logo":{"@type":"ImageObject","inLanguage":"de-CH","@id":"https:\/\/www.dev-monaandco.sesamnet.net\/#\/schema\/logo\/image\/","url":"https:\/\/www.dev-monaandco.sesamnet.net\/wp-content\/uploads\/2026\/01\/MONA-CO.-Zurich-black-1.png","contentUrl":"https:\/\/www.dev-monaandco.sesamnet.net\/wp-content\/uploads\/2026\/01\/MONA-CO.-Zurich-black-1.png","width":1032,"height":272,"caption":"MONA &amp; Co."},"image":{"@id":"https:\/\/www.dev-monaandco.sesamnet.net\/#\/schema\/logo\/image\/"}}]}},"_links":{"self":[{"href":"https:\/\/www.dev-monaandco.sesamnet.net\/de\/wp-json\/wp\/v2\/product\/2333","targetHints":{"allow":["GET"]}}],"collection":[{"href":"https:\/\/www.dev-monaandco.sesamnet.net\/de\/wp-json\/wp\/v2\/product"}],"about":[{"href":"https:\/\/www.dev-monaandco.sesamnet.net\/de\/wp-json\/wp\/v2\/types\/product"}],"replies":[{"embeddable":true,"href":"https:\/\/www.dev-monaandco.sesamnet.net\/de\/wp-json\/wp\/v2\/comments?post=2333"}],"wp:featuredmedia":[{"embeddable":true,"href":"https:\/\/www.dev-monaandco.sesamnet.net\/de\/wp-json\/wp\/v2\/media\/2334"}],"wp:attachment":[{"href":"https:\/\/www.dev-monaandco.sesamnet.net\/de\/wp-json\/wp\/v2\/media?parent=2333"}],"wp:term":[{"taxonomy":"product_brand","embeddable":true,"href":"https:\/\/www.dev-monaandco.sesamnet.net\/de\/wp-json\/wp\/v2\/product_brand?post=2333"},{"taxonomy":"product_cat","embeddable":true,"href":"https:\/\/www.dev-monaandco.sesamnet.net\/de\/wp-json\/wp\/v2\/product_cat?post=2333"},{"taxonomy":"product_tag","embeddable":true,"href":"https:\/\/www.dev-monaandco.sesamnet.net\/de\/wp-json\/wp\/v2\/product_tag?post=2333"}],"curies":[{"name":"wp","href":"https:\/\/api.w.org\/{rel}","templated":true}]}}