{"id":2615,"date":"2026-02-25T15:44:59","date_gmt":"2026-02-25T15:44:59","guid":{"rendered":"https:\/\/www.monaandco.ch\/?post_type=product&#038;p=2615"},"modified":"2026-03-02T15:10:08","modified_gmt":"2026-03-02T15:10:08","slug":"pane-blue","status":"publish","type":"product","link":"https:\/\/www.dev-monaandco.sesamnet.net\/de\/produkt\/pane-blue\/","title":{"rendered":"Pane &#8211; Blue"},"content":{"rendered":"<p>The Pane rug in Dark Blue and Red is a refined expression of classic geometry and traditional craftsmanship. Handknotted in New Zealand wool, this exquisite rug showcases a bold large windowpane check pattern that feels both architectural and effortlessly elegant.<br \/>\nThe natural luminosity of premium New Zealand wool enhances the tonal variation within each pane, giving the rug a subtle movement and a beautifully tactile finish.<\/p>\n<p>Dense, durable, and exceptionally soft underfoot, Pane \u2013 Blue is crafted to stand the test of time. Its tailored pattern makes a confident statement in contemporary interiors, while its timeless composition ensures versatility across modern, transitional, and classic spaces alike.architectural and effortlessly elegant.<\/p>\n<ul>\n<li>Material: Neuseel\u00e4ndische Wolle<\/li>\n<li>Weave: Hand Knotted<\/li>\n<li>Knots: 100 Knots Per Square Inch<\/li>\n<li>Pile: 8MM<\/li>\n<\/ul>","protected":false},"excerpt":{"rendered":"<p>Die Lieferung von Mustern dauert 2-3 Wochen.<br \/>\nHerstellungs- und Lieferzeiten: Handgekn\u00fcpfte Teppiche 10-15 Wochen. Handgewebte Teppiche 6-8 Wochen. Getuftete und flachgewebte Teppiche 4-5 Wochen.<br \/>\nWenn Sie eine individuelle Gr\u00f6\u00dfe oder Farbe w\u00fcnschen, verwenden Sie bitte das Anfrageformular. F\u00fcr diesen Service fallen keine zus\u00e4tzlichen Kosten an.<br \/>\nAll rugs are made only on order. The nature of handmade is that there may be a difference in colour, size or texture variation to the web and order placed. We make every effort to ensure the differences are minimal.<\/p>","protected":false},"featured_media":2622,"comment_status":"open","ping_status":"closed","template":"","meta":{"_acf_changed":false},"product_brand":[],"product_cat":[58,54,51],"product_tag":[],"class_list":{"0":"post-2615","1":"product","2":"type-product","3":"status-publish","4":"has-post-thumbnail","6":"product_cat-hand-knotted","7":"product_cat-new-zealand-wool","8":"product_cat-patterned-rugs","10":"first","11":"instock","12":"taxable","13":"shipping-taxable","14":"purchasable","15":"product-type-variable","16":"has-default-attributes"},"acf":[],"yoast_head":"<!-- This site is optimized with the Yoast SEO plugin v27.5 - https:\/\/yoast.com\/product\/yoast-seo-wordpress\/ -->\n<title>Pane - Blue - MONA &amp; Co.<\/title>\n<meta name=\"robots\" content=\"noindex, follow, max-snippet:-1, max-image-preview:large, max-video-preview:-1\" \/>\n<meta property=\"og:locale\" content=\"de_DE\" \/>\n<meta property=\"og:type\" content=\"article\" \/>\n<meta property=\"og:title\" content=\"Pane - Blue - MONA &amp; Co.\" \/>\n<meta property=\"og:description\" content=\"Samples take 2-3 weeks to deliver Making and Delivery time: Hand Knotted rugs 10-15 weeks. Handloom rugs 6-8 weeks. Tufted and Flatweave rugs 4-5 weeks. For a custom size or colour please use the enquiry form. There is no additional charge for this service. All rugs are made only on order. The nature of handmade is that there may be a difference in colour, size or texture variation to the web and order placed. We make every effort to ensure the differences are minimal.\" \/>\n<meta property=\"og:url\" content=\"https:\/\/www.dev-monaandco.sesamnet.net\/de\/produkt\/pane-blue\/\" \/>\n<meta property=\"og:site_name\" content=\"MONA &amp; Co.\" \/>\n<meta property=\"article:modified_time\" content=\"2026-03-02T15:10:08+00:00\" \/>\n<meta property=\"og:image\" content=\"https:\/\/www.dev-monaandco.sesamnet.net\/wp-content\/uploads\/2026\/02\/Pane-Blue.webp\" \/>\n\t<meta property=\"og:image:width\" content=\"1210\" \/>\n\t<meta property=\"og:image:height\" content=\"1600\" \/>\n\t<meta property=\"og:image:type\" content=\"image\/webp\" \/>\n<meta name=\"twitter:card\" content=\"summary_large_image\" \/>\n<meta name=\"twitter:label1\" content=\"Gesch\u00e4tzte Lesezeit\" \/>\n\t<meta name=\"twitter:data1\" content=\"1\u00a0Minute\" \/>\n<script type=\"application\/ld+json\" class=\"yoast-schema-graph\">{\"@context\":\"https:\\\/\\\/schema.org\",\"@graph\":[{\"@type\":\"WebPage\",\"@id\":\"https:\\\/\\\/www.dev-monaandco.sesamnet.net\\\/product\\\/pane-blue\\\/\",\"url\":\"https:\\\/\\\/www.dev-monaandco.sesamnet.net\\\/product\\\/pane-blue\\\/\",\"name\":\"Pane - Blue - MONA &amp; Co.\",\"isPartOf\":{\"@id\":\"https:\\\/\\\/www.dev-monaandco.sesamnet.net\\\/#website\"},\"primaryImageOfPage\":{\"@id\":\"https:\\\/\\\/www.dev-monaandco.sesamnet.net\\\/product\\\/pane-blue\\\/#primaryimage\"},\"image\":{\"@id\":\"https:\\\/\\\/www.dev-monaandco.sesamnet.net\\\/product\\\/pane-blue\\\/#primaryimage\"},\"thumbnailUrl\":\"https:\\\/\\\/www.dev-monaandco.sesamnet.net\\\/wp-content\\\/uploads\\\/2026\\\/02\\\/Pane-Blue.webp\",\"datePublished\":\"2026-02-25T15:44:59+00:00\",\"dateModified\":\"2026-03-02T15:10:08+00:00\",\"breadcrumb\":{\"@id\":\"https:\\\/\\\/www.dev-monaandco.sesamnet.net\\\/product\\\/pane-blue\\\/#breadcrumb\"},\"inLanguage\":\"de-CH\",\"potentialAction\":[{\"@type\":\"ReadAction\",\"target\":[\"https:\\\/\\\/www.dev-monaandco.sesamnet.net\\\/product\\\/pane-blue\\\/\"]}]},{\"@type\":\"ImageObject\",\"inLanguage\":\"de-CH\",\"@id\":\"https:\\\/\\\/www.dev-monaandco.sesamnet.net\\\/product\\\/pane-blue\\\/#primaryimage\",\"url\":\"https:\\\/\\\/www.dev-monaandco.sesamnet.net\\\/wp-content\\\/uploads\\\/2026\\\/02\\\/Pane-Blue.webp\",\"contentUrl\":\"https:\\\/\\\/www.dev-monaandco.sesamnet.net\\\/wp-content\\\/uploads\\\/2026\\\/02\\\/Pane-Blue.webp\",\"width\":1210,\"height\":1600,\"caption\":\"Pane Blue Rug\"},{\"@type\":\"BreadcrumbList\",\"@id\":\"https:\\\/\\\/www.dev-monaandco.sesamnet.net\\\/product\\\/pane-blue\\\/#breadcrumb\",\"itemListElement\":[{\"@type\":\"ListItem\",\"position\":1,\"name\":\"Home\",\"item\":\"https:\\\/\\\/www.dev-monaandco.sesamnet.net\\\/\"},{\"@type\":\"ListItem\",\"position\":2,\"name\":\"Products\",\"item\":\"https:\\\/\\\/www.dev-monaandco.sesamnet.net\\\/yellowdotcollection\\\/8-revision-v1\\\/\"},{\"@type\":\"ListItem\",\"position\":3,\"name\":\"Pane &#8211; Blue\"}]},{\"@type\":\"WebSite\",\"@id\":\"https:\\\/\\\/www.dev-monaandco.sesamnet.net\\\/#website\",\"url\":\"https:\\\/\\\/www.dev-monaandco.sesamnet.net\\\/\",\"name\":\"MONA &amp; Co.\",\"description\":\"\",\"publisher\":{\"@id\":\"https:\\\/\\\/www.dev-monaandco.sesamnet.net\\\/#organization\"},\"potentialAction\":[{\"@type\":\"SearchAction\",\"target\":{\"@type\":\"EntryPoint\",\"urlTemplate\":\"https:\\\/\\\/www.dev-monaandco.sesamnet.net\\\/?s={search_term_string}\"},\"query-input\":{\"@type\":\"PropertyValueSpecification\",\"valueRequired\":true,\"valueName\":\"search_term_string\"}}],\"inLanguage\":\"de-CH\"},{\"@type\":\"Organization\",\"@id\":\"https:\\\/\\\/www.dev-monaandco.sesamnet.net\\\/#organization\",\"name\":\"MONA &amp; Co.\",\"url\":\"https:\\\/\\\/www.dev-monaandco.sesamnet.net\\\/\",\"logo\":{\"@type\":\"ImageObject\",\"inLanguage\":\"de-CH\",\"@id\":\"https:\\\/\\\/www.dev-monaandco.sesamnet.net\\\/#\\\/schema\\\/logo\\\/image\\\/\",\"url\":\"https:\\\/\\\/www.dev-monaandco.sesamnet.net\\\/wp-content\\\/uploads\\\/2026\\\/01\\\/MONA-CO.-Zurich-black-1.png\",\"contentUrl\":\"https:\\\/\\\/www.dev-monaandco.sesamnet.net\\\/wp-content\\\/uploads\\\/2026\\\/01\\\/MONA-CO.-Zurich-black-1.png\",\"width\":1032,\"height\":272,\"caption\":\"MONA &amp; Co.\"},\"image\":{\"@id\":\"https:\\\/\\\/www.dev-monaandco.sesamnet.net\\\/#\\\/schema\\\/logo\\\/image\\\/\"}}]}<\/script>\n<!-- \/ Yoast SEO plugin. -->","yoast_head_json":{"title":"Pane - Blue - MONA &amp; Co.","robots":{"index":"noindex","follow":"follow","max-snippet":"max-snippet:-1","max-image-preview":"max-image-preview:large","max-video-preview":"max-video-preview:-1"},"og_locale":"de_DE","og_type":"article","og_title":"Pane - Blue - MONA &amp; Co.","og_description":"Samples take 2-3 weeks to deliver Making and Delivery time: Hand Knotted rugs 10-15 weeks. Handloom rugs 6-8 weeks. Tufted and Flatweave rugs 4-5 weeks. For a custom size or colour please use the enquiry form. There is no additional charge for this service. All rugs are made only on order. The nature of handmade is that there may be a difference in colour, size or texture variation to the web and order placed. We make every effort to ensure the differences are minimal.","og_url":"https:\/\/www.dev-monaandco.sesamnet.net\/de\/produkt\/pane-blue\/","og_site_name":"MONA &amp; Co.","article_modified_time":"2026-03-02T15:10:08+00:00","og_image":[{"width":1210,"height":1600,"url":"https:\/\/www.dev-monaandco.sesamnet.net\/wp-content\/uploads\/2026\/02\/Pane-Blue.webp","type":"image\/webp"}],"twitter_card":"summary_large_image","twitter_misc":{"Gesch\u00e4tzte Lesezeit":"1\u00a0Minute"},"schema":{"@context":"https:\/\/schema.org","@graph":[{"@type":"WebPage","@id":"https:\/\/www.dev-monaandco.sesamnet.net\/product\/pane-blue\/","url":"https:\/\/www.dev-monaandco.sesamnet.net\/product\/pane-blue\/","name":"Pane - Blue - MONA &amp; Co.","isPartOf":{"@id":"https:\/\/www.dev-monaandco.sesamnet.net\/#website"},"primaryImageOfPage":{"@id":"https:\/\/www.dev-monaandco.sesamnet.net\/product\/pane-blue\/#primaryimage"},"image":{"@id":"https:\/\/www.dev-monaandco.sesamnet.net\/product\/pane-blue\/#primaryimage"},"thumbnailUrl":"https:\/\/www.dev-monaandco.sesamnet.net\/wp-content\/uploads\/2026\/02\/Pane-Blue.webp","datePublished":"2026-02-25T15:44:59+00:00","dateModified":"2026-03-02T15:10:08+00:00","breadcrumb":{"@id":"https:\/\/www.dev-monaandco.sesamnet.net\/product\/pane-blue\/#breadcrumb"},"inLanguage":"de-CH","potentialAction":[{"@type":"ReadAction","target":["https:\/\/www.dev-monaandco.sesamnet.net\/product\/pane-blue\/"]}]},{"@type":"ImageObject","inLanguage":"de-CH","@id":"https:\/\/www.dev-monaandco.sesamnet.net\/product\/pane-blue\/#primaryimage","url":"https:\/\/www.dev-monaandco.sesamnet.net\/wp-content\/uploads\/2026\/02\/Pane-Blue.webp","contentUrl":"https:\/\/www.dev-monaandco.sesamnet.net\/wp-content\/uploads\/2026\/02\/Pane-Blue.webp","width":1210,"height":1600,"caption":"Pane Blue Rug"},{"@type":"BreadcrumbList","@id":"https:\/\/www.dev-monaandco.sesamnet.net\/product\/pane-blue\/#breadcrumb","itemListElement":[{"@type":"ListItem","position":1,"name":"Home","item":"https:\/\/www.dev-monaandco.sesamnet.net\/"},{"@type":"ListItem","position":2,"name":"Products","item":"https:\/\/www.dev-monaandco.sesamnet.net\/yellowdotcollection\/8-revision-v1\/"},{"@type":"ListItem","position":3,"name":"Pane &#8211; Blue"}]},{"@type":"WebSite","@id":"https:\/\/www.dev-monaandco.sesamnet.net\/#website","url":"https:\/\/www.dev-monaandco.sesamnet.net\/","name":"MONA &amp; Co.","description":"","publisher":{"@id":"https:\/\/www.dev-monaandco.sesamnet.net\/#organization"},"potentialAction":[{"@type":"SearchAction","target":{"@type":"EntryPoint","urlTemplate":"https:\/\/www.dev-monaandco.sesamnet.net\/?s={search_term_string}"},"query-input":{"@type":"PropertyValueSpecification","valueRequired":true,"valueName":"search_term_string"}}],"inLanguage":"de-CH"},{"@type":"Organization","@id":"https:\/\/www.dev-monaandco.sesamnet.net\/#organization","name":"MONA &amp; Co.","url":"https:\/\/www.dev-monaandco.sesamnet.net\/","logo":{"@type":"ImageObject","inLanguage":"de-CH","@id":"https:\/\/www.dev-monaandco.sesamnet.net\/#\/schema\/logo\/image\/","url":"https:\/\/www.dev-monaandco.sesamnet.net\/wp-content\/uploads\/2026\/01\/MONA-CO.-Zurich-black-1.png","contentUrl":"https:\/\/www.dev-monaandco.sesamnet.net\/wp-content\/uploads\/2026\/01\/MONA-CO.-Zurich-black-1.png","width":1032,"height":272,"caption":"MONA &amp; Co."},"image":{"@id":"https:\/\/www.dev-monaandco.sesamnet.net\/#\/schema\/logo\/image\/"}}]}},"_links":{"self":[{"href":"https:\/\/www.dev-monaandco.sesamnet.net\/de\/wp-json\/wp\/v2\/product\/2615","targetHints":{"allow":["GET"]}}],"collection":[{"href":"https:\/\/www.dev-monaandco.sesamnet.net\/de\/wp-json\/wp\/v2\/product"}],"about":[{"href":"https:\/\/www.dev-monaandco.sesamnet.net\/de\/wp-json\/wp\/v2\/types\/product"}],"replies":[{"embeddable":true,"href":"https:\/\/www.dev-monaandco.sesamnet.net\/de\/wp-json\/wp\/v2\/comments?post=2615"}],"wp:featuredmedia":[{"embeddable":true,"href":"https:\/\/www.dev-monaandco.sesamnet.net\/de\/wp-json\/wp\/v2\/media\/2622"}],"wp:attachment":[{"href":"https:\/\/www.dev-monaandco.sesamnet.net\/de\/wp-json\/wp\/v2\/media?parent=2615"}],"wp:term":[{"taxonomy":"product_brand","embeddable":true,"href":"https:\/\/www.dev-monaandco.sesamnet.net\/de\/wp-json\/wp\/v2\/product_brand?post=2615"},{"taxonomy":"product_cat","embeddable":true,"href":"https:\/\/www.dev-monaandco.sesamnet.net\/de\/wp-json\/wp\/v2\/product_cat?post=2615"},{"taxonomy":"product_tag","embeddable":true,"href":"https:\/\/www.dev-monaandco.sesamnet.net\/de\/wp-json\/wp\/v2\/product_tag?post=2615"}],"curies":[{"name":"wp","href":"https:\/\/api.w.org\/{rel}","templated":true}]}}