{"id":596,"date":"2026-01-26T13:41:04","date_gmt":"2026-01-26T13:41:04","guid":{"rendered":"https:\/\/www.monaandco.ch\/?post_type=product&#038;p=596"},"modified":"2026-01-26T15:49:30","modified_gmt":"2026-01-26T15:49:30","slug":"empire-gueridon-with-gilded-bronze","status":"publish","type":"product","link":"https:\/\/www.dev-monaandco.sesamnet.net\/de\/produkt\/empire-gueridon-with-gilded-bronze\/","title":{"rendered":"Empire Gueridon mit vergoldeter Bronze"},"content":{"rendered":"<p>A stunning and rare gueridon attributed to the Empire period with an Egyptian style. This reflects the vogue for Egyptian styling during that period in France. The bronze gilding is delicate and the simplicity of this piece makes for its sophistication. Note that the marble top is a temporary one and can be replaced to a plain green marble (dark verde Guatemala) or wood top as preferred by the client. The existing marble (with paint detail) can also be retained.<\/p>","protected":false},"excerpt":{"rendered":"<p>Alle Produkte werden so verkauft, wie sie sind, das hei\u00dft, sie werden in dem Zustand angeboten, in dem sie sich zum Zeitpunkt des Kaufs befinden. Unvollkommenheiten und Patina sind nat\u00fcrliche Merkmale gealterter Gegenst\u00e4nde und stellen keine M\u00e4ngel dar. Jegliche Gew\u00e4hrleistungsanspr\u00fcche sind daher ausdr\u00fccklich ausgeschlossen.<\/p>","protected":false},"featured_media":755,"comment_status":"closed","ping_status":"closed","template":"","meta":{"_acf_changed":false},"product_brand":[],"product_cat":[39],"product_tag":[],"class_list":{"0":"post-596","1":"product","2":"type-product","3":"status-publish","4":"has-post-thumbnail","6":"product_cat-furniture","8":"first","9":"instock","10":"taxable","11":"shipping-taxable","12":"purchasable","13":"product-type-simple"},"acf":[],"yoast_head":"<!-- This site is optimized with the Yoast SEO plugin v27.5 - https:\/\/yoast.com\/product\/yoast-seo-wordpress\/ -->\n<title>Empire Gueridon with Gilded Bronze - MONA &amp; Co.<\/title>\n<meta name=\"description\" content=\"Rare gueridon attributed to the French Empire period with an Egyptian style. An antique that is a collectible. Zurich to the world. Beautiful Things.\" \/>\n<meta name=\"robots\" content=\"noindex, follow, max-snippet:-1, max-image-preview:large, max-video-preview:-1\" \/>\n<meta property=\"og:locale\" content=\"de_DE\" \/>\n<meta property=\"og:type\" content=\"article\" \/>\n<meta property=\"og:title\" content=\"Empire Gueridon with Gilded Bronze - MONA &amp; Co.\" \/>\n<meta property=\"og:description\" content=\"Rare gueridon attributed to the French Empire period with an Egyptian style. An antique that is a collectible. Zurich to the world. Beautiful Things.\" \/>\n<meta property=\"og:url\" content=\"https:\/\/www.dev-monaandco.sesamnet.net\/de\/produkt\/empire-gueridon-with-gilded-bronze\/\" \/>\n<meta property=\"og:site_name\" content=\"MONA &amp; Co.\" \/>\n<meta property=\"article:modified_time\" content=\"2026-01-26T15:49:30+00:00\" \/>\n<meta property=\"og:image\" content=\"https:\/\/www.dev-monaandco.sesamnet.net\/wp-content\/uploads\/2026\/01\/Yellow-Dot-Collection-May-2025_Sarah-Reuland_Web_17.webp\" \/>\n\t<meta property=\"og:image:width\" content=\"2000\" \/>\n\t<meta property=\"og:image:height\" content=\"2000\" \/>\n\t<meta property=\"og:image:type\" content=\"image\/webp\" \/>\n<meta name=\"twitter:card\" content=\"summary_large_image\" \/>\n<meta name=\"twitter:label1\" content=\"Gesch\u00e4tzte Lesezeit\" \/>\n\t<meta name=\"twitter:data1\" content=\"1\u00a0Minute\" \/>\n<script type=\"application\/ld+json\" class=\"yoast-schema-graph\">{\"@context\":\"https:\\\/\\\/schema.org\",\"@graph\":[{\"@type\":\"WebPage\",\"@id\":\"https:\\\/\\\/www.dev-monaandco.sesamnet.net\\\/product\\\/empire-gueridon-with-gilded-bronze\\\/\",\"url\":\"https:\\\/\\\/www.dev-monaandco.sesamnet.net\\\/product\\\/empire-gueridon-with-gilded-bronze\\\/\",\"name\":\"Empire Gueridon with Gilded Bronze - MONA &amp; Co.\",\"isPartOf\":{\"@id\":\"https:\\\/\\\/www.dev-monaandco.sesamnet.net\\\/#website\"},\"primaryImageOfPage\":{\"@id\":\"https:\\\/\\\/www.dev-monaandco.sesamnet.net\\\/product\\\/empire-gueridon-with-gilded-bronze\\\/#primaryimage\"},\"image\":{\"@id\":\"https:\\\/\\\/www.dev-monaandco.sesamnet.net\\\/product\\\/empire-gueridon-with-gilded-bronze\\\/#primaryimage\"},\"thumbnailUrl\":\"https:\\\/\\\/www.dev-monaandco.sesamnet.net\\\/wp-content\\\/uploads\\\/2026\\\/01\\\/Yellow-Dot-Collection-May-2025_Sarah-Reuland_Web_17.webp\",\"datePublished\":\"2026-01-26T13:41:04+00:00\",\"dateModified\":\"2026-01-26T15:49:30+00:00\",\"description\":\"Rare gueridon attributed to the French Empire period with an Egyptian style. An antique that is a collectible. Zurich to the world. Beautiful Things.\",\"breadcrumb\":{\"@id\":\"https:\\\/\\\/www.dev-monaandco.sesamnet.net\\\/product\\\/empire-gueridon-with-gilded-bronze\\\/#breadcrumb\"},\"inLanguage\":\"de-CH\",\"potentialAction\":[{\"@type\":\"ReadAction\",\"target\":[\"https:\\\/\\\/www.dev-monaandco.sesamnet.net\\\/product\\\/empire-gueridon-with-gilded-bronze\\\/\"]}]},{\"@type\":\"ImageObject\",\"inLanguage\":\"de-CH\",\"@id\":\"https:\\\/\\\/www.dev-monaandco.sesamnet.net\\\/product\\\/empire-gueridon-with-gilded-bronze\\\/#primaryimage\",\"url\":\"https:\\\/\\\/www.dev-monaandco.sesamnet.net\\\/wp-content\\\/uploads\\\/2026\\\/01\\\/Yellow-Dot-Collection-May-2025_Sarah-Reuland_Web_17.webp\",\"contentUrl\":\"https:\\\/\\\/www.dev-monaandco.sesamnet.net\\\/wp-content\\\/uploads\\\/2026\\\/01\\\/Yellow-Dot-Collection-May-2025_Sarah-Reuland_Web_17.webp\",\"width\":2000,\"height\":2000},{\"@type\":\"BreadcrumbList\",\"@id\":\"https:\\\/\\\/www.dev-monaandco.sesamnet.net\\\/product\\\/empire-gueridon-with-gilded-bronze\\\/#breadcrumb\",\"itemListElement\":[{\"@type\":\"ListItem\",\"position\":1,\"name\":\"Home\",\"item\":\"https:\\\/\\\/www.dev-monaandco.sesamnet.net\\\/\"},{\"@type\":\"ListItem\",\"position\":2,\"name\":\"Products\",\"item\":\"https:\\\/\\\/www.dev-monaandco.sesamnet.net\\\/yellowdotcollection\\\/8-revision-v1\\\/\"},{\"@type\":\"ListItem\",\"position\":3,\"name\":\"Empire Gueridon with Gilded Bronze\"}]},{\"@type\":\"WebSite\",\"@id\":\"https:\\\/\\\/www.dev-monaandco.sesamnet.net\\\/#website\",\"url\":\"https:\\\/\\\/www.dev-monaandco.sesamnet.net\\\/\",\"name\":\"MONA &amp; Co.\",\"description\":\"\",\"publisher\":{\"@id\":\"https:\\\/\\\/www.dev-monaandco.sesamnet.net\\\/#organization\"},\"potentialAction\":[{\"@type\":\"SearchAction\",\"target\":{\"@type\":\"EntryPoint\",\"urlTemplate\":\"https:\\\/\\\/www.dev-monaandco.sesamnet.net\\\/?s={search_term_string}\"},\"query-input\":{\"@type\":\"PropertyValueSpecification\",\"valueRequired\":true,\"valueName\":\"search_term_string\"}}],\"inLanguage\":\"de-CH\"},{\"@type\":\"Organization\",\"@id\":\"https:\\\/\\\/www.dev-monaandco.sesamnet.net\\\/#organization\",\"name\":\"MONA &amp; Co.\",\"url\":\"https:\\\/\\\/www.dev-monaandco.sesamnet.net\\\/\",\"logo\":{\"@type\":\"ImageObject\",\"inLanguage\":\"de-CH\",\"@id\":\"https:\\\/\\\/www.dev-monaandco.sesamnet.net\\\/#\\\/schema\\\/logo\\\/image\\\/\",\"url\":\"https:\\\/\\\/www.dev-monaandco.sesamnet.net\\\/wp-content\\\/uploads\\\/2026\\\/01\\\/MONA-CO.-Zurich-black-1.png\",\"contentUrl\":\"https:\\\/\\\/www.dev-monaandco.sesamnet.net\\\/wp-content\\\/uploads\\\/2026\\\/01\\\/MONA-CO.-Zurich-black-1.png\",\"width\":1032,\"height\":272,\"caption\":\"MONA &amp; Co.\"},\"image\":{\"@id\":\"https:\\\/\\\/www.dev-monaandco.sesamnet.net\\\/#\\\/schema\\\/logo\\\/image\\\/\"}}]}<\/script>\n<!-- \/ Yoast SEO plugin. -->","yoast_head_json":{"title":"Empire Gueridon with Gilded Bronze - MONA &amp; Co.","description":"Rare gueridon attributed to the French Empire period with an Egyptian style. An antique that is a collectible. Zurich to the world. Beautiful Things.","robots":{"index":"noindex","follow":"follow","max-snippet":"max-snippet:-1","max-image-preview":"max-image-preview:large","max-video-preview":"max-video-preview:-1"},"og_locale":"de_DE","og_type":"article","og_title":"Empire Gueridon with Gilded Bronze - MONA &amp; Co.","og_description":"Rare gueridon attributed to the French Empire period with an Egyptian style. An antique that is a collectible. Zurich to the world. Beautiful Things.","og_url":"https:\/\/www.dev-monaandco.sesamnet.net\/de\/produkt\/empire-gueridon-with-gilded-bronze\/","og_site_name":"MONA &amp; Co.","article_modified_time":"2026-01-26T15:49:30+00:00","og_image":[{"width":2000,"height":2000,"url":"https:\/\/www.dev-monaandco.sesamnet.net\/wp-content\/uploads\/2026\/01\/Yellow-Dot-Collection-May-2025_Sarah-Reuland_Web_17.webp","type":"image\/webp"}],"twitter_card":"summary_large_image","twitter_misc":{"Gesch\u00e4tzte Lesezeit":"1\u00a0Minute"},"schema":{"@context":"https:\/\/schema.org","@graph":[{"@type":"WebPage","@id":"https:\/\/www.dev-monaandco.sesamnet.net\/product\/empire-gueridon-with-gilded-bronze\/","url":"https:\/\/www.dev-monaandco.sesamnet.net\/product\/empire-gueridon-with-gilded-bronze\/","name":"Empire Gueridon with Gilded Bronze - MONA &amp; Co.","isPartOf":{"@id":"https:\/\/www.dev-monaandco.sesamnet.net\/#website"},"primaryImageOfPage":{"@id":"https:\/\/www.dev-monaandco.sesamnet.net\/product\/empire-gueridon-with-gilded-bronze\/#primaryimage"},"image":{"@id":"https:\/\/www.dev-monaandco.sesamnet.net\/product\/empire-gueridon-with-gilded-bronze\/#primaryimage"},"thumbnailUrl":"https:\/\/www.dev-monaandco.sesamnet.net\/wp-content\/uploads\/2026\/01\/Yellow-Dot-Collection-May-2025_Sarah-Reuland_Web_17.webp","datePublished":"2026-01-26T13:41:04+00:00","dateModified":"2026-01-26T15:49:30+00:00","description":"Rare gueridon attributed to the French Empire period with an Egyptian style. An antique that is a collectible. Zurich to the world. Beautiful Things.","breadcrumb":{"@id":"https:\/\/www.dev-monaandco.sesamnet.net\/product\/empire-gueridon-with-gilded-bronze\/#breadcrumb"},"inLanguage":"de-CH","potentialAction":[{"@type":"ReadAction","target":["https:\/\/www.dev-monaandco.sesamnet.net\/product\/empire-gueridon-with-gilded-bronze\/"]}]},{"@type":"ImageObject","inLanguage":"de-CH","@id":"https:\/\/www.dev-monaandco.sesamnet.net\/product\/empire-gueridon-with-gilded-bronze\/#primaryimage","url":"https:\/\/www.dev-monaandco.sesamnet.net\/wp-content\/uploads\/2026\/01\/Yellow-Dot-Collection-May-2025_Sarah-Reuland_Web_17.webp","contentUrl":"https:\/\/www.dev-monaandco.sesamnet.net\/wp-content\/uploads\/2026\/01\/Yellow-Dot-Collection-May-2025_Sarah-Reuland_Web_17.webp","width":2000,"height":2000},{"@type":"BreadcrumbList","@id":"https:\/\/www.dev-monaandco.sesamnet.net\/product\/empire-gueridon-with-gilded-bronze\/#breadcrumb","itemListElement":[{"@type":"ListItem","position":1,"name":"Home","item":"https:\/\/www.dev-monaandco.sesamnet.net\/"},{"@type":"ListItem","position":2,"name":"Products","item":"https:\/\/www.dev-monaandco.sesamnet.net\/yellowdotcollection\/8-revision-v1\/"},{"@type":"ListItem","position":3,"name":"Empire Gueridon with Gilded Bronze"}]},{"@type":"WebSite","@id":"https:\/\/www.dev-monaandco.sesamnet.net\/#website","url":"https:\/\/www.dev-monaandco.sesamnet.net\/","name":"MONA &amp; Co.","description":"","publisher":{"@id":"https:\/\/www.dev-monaandco.sesamnet.net\/#organization"},"potentialAction":[{"@type":"SearchAction","target":{"@type":"EntryPoint","urlTemplate":"https:\/\/www.dev-monaandco.sesamnet.net\/?s={search_term_string}"},"query-input":{"@type":"PropertyValueSpecification","valueRequired":true,"valueName":"search_term_string"}}],"inLanguage":"de-CH"},{"@type":"Organization","@id":"https:\/\/www.dev-monaandco.sesamnet.net\/#organization","name":"MONA &amp; Co.","url":"https:\/\/www.dev-monaandco.sesamnet.net\/","logo":{"@type":"ImageObject","inLanguage":"de-CH","@id":"https:\/\/www.dev-monaandco.sesamnet.net\/#\/schema\/logo\/image\/","url":"https:\/\/www.dev-monaandco.sesamnet.net\/wp-content\/uploads\/2026\/01\/MONA-CO.-Zurich-black-1.png","contentUrl":"https:\/\/www.dev-monaandco.sesamnet.net\/wp-content\/uploads\/2026\/01\/MONA-CO.-Zurich-black-1.png","width":1032,"height":272,"caption":"MONA &amp; Co."},"image":{"@id":"https:\/\/www.dev-monaandco.sesamnet.net\/#\/schema\/logo\/image\/"}}]}},"_links":{"self":[{"href":"https:\/\/www.dev-monaandco.sesamnet.net\/de\/wp-json\/wp\/v2\/product\/596","targetHints":{"allow":["GET"]}}],"collection":[{"href":"https:\/\/www.dev-monaandco.sesamnet.net\/de\/wp-json\/wp\/v2\/product"}],"about":[{"href":"https:\/\/www.dev-monaandco.sesamnet.net\/de\/wp-json\/wp\/v2\/types\/product"}],"replies":[{"embeddable":true,"href":"https:\/\/www.dev-monaandco.sesamnet.net\/de\/wp-json\/wp\/v2\/comments?post=596"}],"wp:featuredmedia":[{"embeddable":true,"href":"https:\/\/www.dev-monaandco.sesamnet.net\/de\/wp-json\/wp\/v2\/media\/755"}],"wp:attachment":[{"href":"https:\/\/www.dev-monaandco.sesamnet.net\/de\/wp-json\/wp\/v2\/media?parent=596"}],"wp:term":[{"taxonomy":"product_brand","embeddable":true,"href":"https:\/\/www.dev-monaandco.sesamnet.net\/de\/wp-json\/wp\/v2\/product_brand?post=596"},{"taxonomy":"product_cat","embeddable":true,"href":"https:\/\/www.dev-monaandco.sesamnet.net\/de\/wp-json\/wp\/v2\/product_cat?post=596"},{"taxonomy":"product_tag","embeddable":true,"href":"https:\/\/www.dev-monaandco.sesamnet.net\/de\/wp-json\/wp\/v2\/product_tag?post=596"}],"curies":[{"name":"wp","href":"https:\/\/api.w.org\/{rel}","templated":true}]}}